{"id":1594,"date":"2020-12-12T22:17:29","date_gmt":"2020-12-12T21:17:29","guid":{"rendered":"http:\/\/www.hotel-de-lestuaire.fr\/?page_id=1594"},"modified":"2026-03-18T12:46:10","modified_gmt":"2026-03-18T11:46:10","slug":"hotel-tarifs","status":"publish","type":"page","link":"https:\/\/www.hotel-de-lestuaire.fr\/en\/hotel-tarifs\/","title":{"rendered":"Hotel rates"},"content":{"rendered":"<div data-elementor-type=\"wp-page\" data-elementor-id=\"1594\" class=\"elementor elementor-1594\">\n\t\t\t\t\t\t<section class=\"elementor-section elementor-top-section elementor-element elementor-element-d9ce2a7 elementor-section-boxed elementor-section-height-default elementor-section-height-default\" data-id=\"d9ce2a7\" data-element_type=\"section\" data-e-type=\"section\">\n\t\t\t\t\t\t<div class=\"elementor-container elementor-column-gap-default\">\n\t\t\t\t\t<div class=\"elementor-column elementor-col-100 elementor-top-column elementor-element elementor-element-f67d817\" data-id=\"f67d817\" data-element_type=\"column\" data-e-type=\"column\">\n\t\t\t<div class=\"elementor-widget-wrap elementor-element-populated\">\n\t\t\t\t\t\t<div class=\"elementor-element elementor-element-71c3988 elementor-widget elementor-widget-text-editor\" data-id=\"71c3988\" data-element_type=\"widget\" data-e-type=\"widget\" data-widget_type=\"text-editor.default\">\n\t\t\t\t<div class=\"elementor-widget-container\">\n\t\t\t\t\t\t\t\t\t<p>Please contact us by <strong>phone +33 5 57 64 70 36<\/strong> if you require more information or by email at <strong>contact@relais-estuaire.fr<\/strong><\/p><p>Soir\u00e9e Etape: 97\u20ac<\/p><p>Depuis le 17\/03\/2026 le relais de l&rsquo;estuaire est pass\u00e9 de 2* \u00e0 3*, nous informons notre aimable client\u00e8le que la taxe de s\u00e9jour sera d\u00e8s \u00e0 pr\u00e9sent d&rsquo;un montant de 1,18\u20ac.<\/p><p>Up to article L223-1 of the consumption code :\"\u00a0<b>Customer who do not want sales prospecting by phone, can freely, register on opposition list<\/b>.\"\u00a0<\/p><p>Note that at booking moment, we will require a phone number to contact you in case of needed before, during and after your stay.<b>\u00a0However, you can register on BLOCTEL, the government service of stop sales calls :\u00a0<a href=\"https:\/\/www.bloctel.gouv.fr\">https:\/\/www.bloctel.gouv.fr<\/a><\/b><\/p>\t\t\t\t\t\t\t\t<\/div>\n\t\t\t\t<\/div>\n\t\t\t\t\t<\/div>\n\t\t<\/div>\n\t\t\t\t\t<\/div>\n\t\t<\/section>\n\t\t\t\t<section class=\"elementor-section elementor-top-section elementor-element elementor-element-72c1fe2 elementor-section-boxed elementor-section-height-default elementor-section-height-default\" data-id=\"72c1fe2\" data-element_type=\"section\" data-e-type=\"section\">\n\t\t\t\t\t\t<div class=\"elementor-container elementor-column-gap-default\">\n\t\t\t\t\t<div class=\"elementor-column elementor-col-100 elementor-top-column elementor-element elementor-element-3991199\" data-id=\"3991199\" data-element_type=\"column\" data-e-type=\"column\">\n\t\t\t<div class=\"elementor-widget-wrap elementor-element-populated\">\n\t\t\t\t\t\t<div class=\"elementor-element elementor-element-f1c7018 elementor-widget elementor-widget-image\" data-id=\"f1c7018\" data-element_type=\"widget\" data-e-type=\"widget\" data-widget_type=\"image.default\">\n\t\t\t\t<div class=\"elementor-widget-container\">\n\t\t\t\t\t\t\t\t\t\t\t\t\t\t\t<img decoding=\"async\" src=\"https:\/\/www.hotel-de-lestuaire.fr\/wp-content\/uploads\/2024\/08\/TARIFS-2024-1.pdf\" title=\"\" alt=\"\" loading=\"lazy\" \/>\t\t\t\t\t\t\t\t\t\t\t\t\t\t\t<\/div>\n\t\t\t\t<\/div>\n\t\t\t\t\t<\/div>\n\t\t<\/div>\n\t\t\t\t\t<\/div>\n\t\t<\/section>\n\t\t\t\t<section class=\"elementor-section elementor-top-section elementor-element elementor-element-d064ae2 elementor-section-boxed elementor-section-height-default elementor-section-height-default\" data-id=\"d064ae2\" data-element_type=\"section\" data-e-type=\"section\">\n\t\t\t\t\t\t<div class=\"elementor-container elementor-column-gap-default\">\n\t\t\t\t\t<div class=\"elementor-column elementor-col-100 elementor-top-column elementor-element elementor-element-b7a79e1\" data-id=\"b7a79e1\" data-element_type=\"column\" data-e-type=\"column\">\n\t\t\t<div class=\"elementor-widget-wrap elementor-element-populated\">\n\t\t\t\t\t\t<div class=\"elementor-element elementor-element-0e22ba5 elementor-widget elementor-widget-image\" data-id=\"0e22ba5\" data-element_type=\"widget\" data-e-type=\"widget\" data-widget_type=\"image.default\">\n\t\t\t\t<div class=\"elementor-widget-container\">\n\t\t\t\t\t\t\t\t\t\t\t\t\t\t\t<img decoding=\"async\" src=\"https:\/\/www.hotel-de-lestuaire.fr\/wp-content\/uploads\/2023\/10\/TARIFS-RECTIFICATIFS-2023.pdf\" title=\"\" alt=\"\" loading=\"lazy\" \/>\t\t\t\t\t\t\t\t\t\t\t\t\t\t\t<\/div>\n\t\t\t\t<\/div>\n\t\t\t\t\t<\/div>\n\t\t<\/div>\n\t\t\t\t\t<\/div>\n\t\t<\/section>\n\t\t\t\t<section class=\"elementor-section elementor-top-section elementor-element elementor-element-f292921 elementor-section-boxed elementor-section-height-default elementor-section-height-default\" data-id=\"f292921\" data-element_type=\"section\" data-e-type=\"section\">\n\t\t\t\t\t\t<div class=\"elementor-container elementor-column-gap-default\">\n\t\t\t\t\t<div class=\"elementor-column elementor-col-100 elementor-top-column elementor-element elementor-element-d7344b2\" data-id=\"d7344b2\" data-element_type=\"column\" data-e-type=\"column\">\n\t\t\t<div class=\"elementor-widget-wrap elementor-element-populated\">\n\t\t\t\t\t\t<div class=\"elementor-element elementor-element-19b4bca elementor-widget elementor-widget-image\" data-id=\"19b4bca\" data-element_type=\"widget\" data-e-type=\"widget\" data-widget_type=\"image.default\">\n\t\t\t\t<div class=\"elementor-widget-container\">\n\t\t\t\t\t\t\t\t\t\t\t\t\t\t\t<img decoding=\"async\" src=\"https:\/\/www.hotel-de-lestuaire.fr\/wp-content\/uploads\/2024\/08\/TARIFS-2024.pdf\" title=\"\" alt=\"\" loading=\"lazy\" \/>\t\t\t\t\t\t\t\t\t\t\t\t\t\t\t<\/div>\n\t\t\t\t<\/div>\n\t\t\t\t\t<\/div>\n\t\t<\/div>\n\t\t\t\t\t<\/div>\n\t\t<\/section>\n\t\t\t\t<section class=\"elementor-section elementor-top-section elementor-element elementor-element-a5017e1 elementor-section-boxed elementor-section-height-default elementor-section-height-default\" data-id=\"a5017e1\" data-element_type=\"section\" data-e-type=\"section\">\n\t\t\t\t\t\t<div class=\"elementor-container elementor-column-gap-default\">\n\t\t\t\t\t<div class=\"elementor-column elementor-col-100 elementor-top-column elementor-element elementor-element-7061e65\" data-id=\"7061e65\" data-element_type=\"column\" data-e-type=\"column\">\n\t\t\t<div class=\"elementor-widget-wrap elementor-element-populated\">\n\t\t\t\t\t\t<div class=\"elementor-element elementor-element-a62657b elementor-widget elementor-widget-image\" data-id=\"a62657b\" data-element_type=\"widget\" data-e-type=\"widget\" data-widget_type=\"image.default\">\n\t\t\t\t<div class=\"elementor-widget-container\">\n\t\t\t\t\t\t\t\t\t\t\t\t\t\t\t<img fetchpriority=\"high\" decoding=\"async\" width=\"1024\" height=\"449\" src=\"https:\/\/www.hotel-de-lestuaire.fr\/wp-content\/uploads\/2026\/01\/TARIFS2026-1024x449.png\" class=\"attachment-large size-large wp-image-2776\" alt=\"\" srcset=\"https:\/\/www.hotel-de-lestuaire.fr\/wp-content\/uploads\/2026\/01\/TARIFS2026-1024x449.png 1024w, https:\/\/www.hotel-de-lestuaire.fr\/wp-content\/uploads\/2026\/01\/TARIFS2026-300x132.png 300w, https:\/\/www.hotel-de-lestuaire.fr\/wp-content\/uploads\/2026\/01\/TARIFS2026-768x337.png 768w, https:\/\/www.hotel-de-lestuaire.fr\/wp-content\/uploads\/2026\/01\/TARIFS2026-18x8.png 18w, https:\/\/www.hotel-de-lestuaire.fr\/wp-content\/uploads\/2026\/01\/TARIFS2026.png 1497w\" sizes=\"(max-width: 1024px) 100vw, 1024px\" \/>\t\t\t\t\t\t\t\t\t\t\t\t\t\t\t<\/div>\n\t\t\t\t<\/div>\n\t\t\t\t\t<\/div>\n\t\t<\/div>\n\t\t\t\t\t<\/div>\n\t\t<\/section>\n\t\t\t\t<section class=\"elementor-section elementor-top-section elementor-element elementor-element-5482908 elementor-section-boxed elementor-section-height-default elementor-section-height-default\" data-id=\"5482908\" data-element_type=\"section\" data-e-type=\"section\">\n\t\t\t\t\t\t<div class=\"elementor-container elementor-column-gap-default\">\n\t\t\t\t\t<div class=\"elementor-column elementor-col-100 elementor-top-column elementor-element elementor-element-e1083ec\" data-id=\"e1083ec\" data-element_type=\"column\" data-e-type=\"column\">\n\t\t\t<div class=\"elementor-widget-wrap\">\n\t\t\t\t\t\t\t<\/div>\n\t\t<\/div>\n\t\t\t\t\t<\/div>\n\t\t<\/section>\n\t\t\t\t<\/div>","protected":false},"excerpt":{"rendered":"<p>N&rsquo;h\u00e9sitez pas \u00e0 nous contacter par t\u00e9l\u00e9phone au 05 57 64 70 36 si vous souhaitez plus d&rsquo;informations ou par\u00a0email \u00e0 contact@relais-estuaire.fr Soir\u00e9e Etape: 97\u20ac Depuis le 17\/03\/2026 le relais de l&rsquo;estuaire est pass\u00e9 de 2* \u00e0 3*, nous informons notre aimable client\u00e8le que la taxe de s\u00e9jour sera d\u00e8s \u00e0 pr\u00e9sent d&rsquo;un montant de 1,18\u20ac. Selon l&rsquo;article L223-1 du&#8230;<\/p>","protected":false},"author":1,"featured_media":2104,"parent":0,"menu_order":0,"comment_status":"closed","ping_status":"closed","template":"","meta":{"footnotes":""},"class_list":["post-1594","page","type-page","status-publish","has-post-thumbnail","hentry"],"yoast_head":"<!-- This site is optimized with the Yoast SEO plugin v19.10 - https:\/\/yoast.com\/wordpress\/plugins\/seo\/ -->\n<title>Les tarifs de l&#039;h\u00f4tel - Relais de l&#039;Estuaire<\/title>\n<meta name=\"description\" content=\"D\u00e9couvrez les tarifs de nos diff\u00e9rentes chambres d&#039;h\u00f4tel. H\u00f4tel situ\u00e9 proche de Blaye et de la centrale de Braud-et-Saint-Louis.\" \/>\n<meta name=\"robots\" content=\"index, follow, max-snippet:-1, max-image-preview:large, max-video-preview:-1\" \/>\n<link rel=\"canonical\" href=\"https:\/\/www.hotel-de-lestuaire.fr\/en\/hotel-tarifs\/\" \/>\n<meta property=\"og:locale\" content=\"en_GB\" \/>\n<meta property=\"og:type\" content=\"article\" \/>\n<meta property=\"og:title\" content=\"Les tarifs de l&#039;h\u00f4tel - Relais de l&#039;Estuaire\" \/>\n<meta property=\"og:description\" content=\"D\u00e9couvrez les tarifs de nos diff\u00e9rentes chambres d&#039;h\u00f4tel. H\u00f4tel situ\u00e9 proche de Blaye et de la centrale de Braud-et-Saint-Louis.\" \/>\n<meta property=\"og:url\" content=\"https:\/\/www.hotel-de-lestuaire.fr\/en\/hotel-tarifs\/\" \/>\n<meta property=\"og:site_name\" content=\"Relais de l&#039;Estuaire\" \/>\n<meta property=\"article:publisher\" content=\"https:\/\/www.facebook.com\/relaisdelestuaire\" \/>\n<meta property=\"article:modified_time\" content=\"2026-03-18T11:46:10+00:00\" \/>\n<meta property=\"og:image\" content=\"https:\/\/www.hotel-de-lestuaire.fr\/wp-content\/uploads\/2021\/12\/IMG_2023-scaled.jpg\" \/>\n\t<meta property=\"og:image:width\" content=\"2560\" \/>\n\t<meta property=\"og:image:height\" content=\"1920\" \/>\n\t<meta property=\"og:image:type\" content=\"image\/jpeg\" \/>\n<meta name=\"twitter:card\" content=\"summary_large_image\" \/>\n<meta name=\"twitter:label1\" content=\"Estimated reading time\" \/>\n\t<meta name=\"twitter:data1\" content=\"2 minutes\" \/>\n<script type=\"application\/ld+json\" class=\"yoast-schema-graph\">{\"@context\":\"https:\/\/schema.org\",\"@graph\":[{\"@type\":\"WebPage\",\"@id\":\"https:\/\/www.hotel-de-lestuaire.fr\/hotel-tarifs\/\",\"url\":\"https:\/\/www.hotel-de-lestuaire.fr\/hotel-tarifs\/\",\"name\":\"Les tarifs de l'h\u00f4tel - Relais de l&#039;Estuaire\",\"isPartOf\":{\"@id\":\"https:\/\/www.hotel-de-lestuaire.fr\/#website\"},\"datePublished\":\"2020-12-12T21:17:29+00:00\",\"dateModified\":\"2026-03-18T11:46:10+00:00\",\"description\":\"D\u00e9couvrez les tarifs de nos diff\u00e9rentes chambres d'h\u00f4tel. H\u00f4tel situ\u00e9 proche de Blaye et de la centrale de Braud-et-Saint-Louis.\",\"breadcrumb\":{\"@id\":\"https:\/\/www.hotel-de-lestuaire.fr\/hotel-tarifs\/#breadcrumb\"},\"inLanguage\":\"en-GB\",\"potentialAction\":[{\"@type\":\"ReadAction\",\"target\":[\"https:\/\/www.hotel-de-lestuaire.fr\/hotel-tarifs\/\"]}]},{\"@type\":\"BreadcrumbList\",\"@id\":\"https:\/\/www.hotel-de-lestuaire.fr\/hotel-tarifs\/#breadcrumb\",\"itemListElement\":[{\"@type\":\"ListItem\",\"position\":1,\"name\":\"Accueil\",\"item\":\"https:\/\/www.hotel-de-lestuaire.fr\/\"},{\"@type\":\"ListItem\",\"position\":2,\"name\":\"Les tarifs de l&rsquo;h\u00f4tel\"}]},{\"@type\":\"WebSite\",\"@id\":\"https:\/\/www.hotel-de-lestuaire.fr\/#website\",\"url\":\"https:\/\/www.hotel-de-lestuaire.fr\/\",\"name\":\"Relais de l'Estuaire\",\"description\":\"H\u00f4tel - Restaurant - Bar - R\u00e9ceptions\",\"publisher\":{\"@id\":\"https:\/\/www.hotel-de-lestuaire.fr\/#organization\"},\"potentialAction\":[{\"@type\":\"SearchAction\",\"target\":{\"@type\":\"EntryPoint\",\"urlTemplate\":\"https:\/\/www.hotel-de-lestuaire.fr\/?s={search_term_string}\"},\"query-input\":\"required name=search_term_string\"}],\"inLanguage\":\"en-GB\"},{\"@type\":\"Organization\",\"@id\":\"https:\/\/www.hotel-de-lestuaire.fr\/#organization\",\"name\":\"Relais de l'estuaire\",\"url\":\"https:\/\/www.hotel-de-lestuaire.fr\/\",\"logo\":{\"@type\":\"ImageObject\",\"inLanguage\":\"en-GB\",\"@id\":\"https:\/\/www.hotel-de-lestuaire.fr\/#\/schema\/logo\/image\/\",\"url\":\"https:\/\/www.hotel-de-lestuaire.fr\/wp-content\/uploads\/2021\/02\/Logo-relais-estuaire-180x59-1.png\",\"contentUrl\":\"https:\/\/www.hotel-de-lestuaire.fr\/wp-content\/uploads\/2021\/02\/Logo-relais-estuaire-180x59-1.png\",\"width\":180,\"height\":59,\"caption\":\"Relais de l'estuaire\"},\"image\":{\"@id\":\"https:\/\/www.hotel-de-lestuaire.fr\/#\/schema\/logo\/image\/\"},\"sameAs\":[\"https:\/\/www.facebook.com\/relaisdelestuaire\"]}]}<\/script>\n<!-- \/ Yoast SEO plugin. -->","yoast_head_json":{"title":"Les tarifs de l'h\u00f4tel - Relais de l&#039;Estuaire","description":"D\u00e9couvrez les tarifs de nos diff\u00e9rentes chambres d'h\u00f4tel. H\u00f4tel situ\u00e9 proche de Blaye et de la centrale de Braud-et-Saint-Louis.","robots":{"index":"index","follow":"follow","max-snippet":"max-snippet:-1","max-image-preview":"max-image-preview:large","max-video-preview":"max-video-preview:-1"},"canonical":"https:\/\/www.hotel-de-lestuaire.fr\/en\/hotel-tarifs\/","og_locale":"en_GB","og_type":"article","og_title":"Les tarifs de l'h\u00f4tel - Relais de l&#039;Estuaire","og_description":"D\u00e9couvrez les tarifs de nos diff\u00e9rentes chambres d'h\u00f4tel. H\u00f4tel situ\u00e9 proche de Blaye et de la centrale de Braud-et-Saint-Louis.","og_url":"https:\/\/www.hotel-de-lestuaire.fr\/en\/hotel-tarifs\/","og_site_name":"Relais de l&#039;Estuaire","article_publisher":"https:\/\/www.facebook.com\/relaisdelestuaire","article_modified_time":"2026-03-18T11:46:10+00:00","og_image":[{"width":2560,"height":1920,"url":"https:\/\/www.hotel-de-lestuaire.fr\/wp-content\/uploads\/2021\/12\/IMG_2023-scaled.jpg","type":"image\/jpeg"}],"twitter_card":"summary_large_image","twitter_misc":{"Estimated reading time":"2 minutes"},"schema":{"@context":"https:\/\/schema.org","@graph":[{"@type":"WebPage","@id":"https:\/\/www.hotel-de-lestuaire.fr\/hotel-tarifs\/","url":"https:\/\/www.hotel-de-lestuaire.fr\/hotel-tarifs\/","name":"Les tarifs de l'h\u00f4tel - Relais de l&#039;Estuaire","isPartOf":{"@id":"https:\/\/www.hotel-de-lestuaire.fr\/#website"},"datePublished":"2020-12-12T21:17:29+00:00","dateModified":"2026-03-18T11:46:10+00:00","description":"D\u00e9couvrez les tarifs de nos diff\u00e9rentes chambres d'h\u00f4tel. H\u00f4tel situ\u00e9 proche de Blaye et de la centrale de Braud-et-Saint-Louis.","breadcrumb":{"@id":"https:\/\/www.hotel-de-lestuaire.fr\/hotel-tarifs\/#breadcrumb"},"inLanguage":"en-GB","potentialAction":[{"@type":"ReadAction","target":["https:\/\/www.hotel-de-lestuaire.fr\/hotel-tarifs\/"]}]},{"@type":"BreadcrumbList","@id":"https:\/\/www.hotel-de-lestuaire.fr\/hotel-tarifs\/#breadcrumb","itemListElement":[{"@type":"ListItem","position":1,"name":"Accueil","item":"https:\/\/www.hotel-de-lestuaire.fr\/"},{"@type":"ListItem","position":2,"name":"Les tarifs de l&rsquo;h\u00f4tel"}]},{"@type":"WebSite","@id":"https:\/\/www.hotel-de-lestuaire.fr\/#website","url":"https:\/\/www.hotel-de-lestuaire.fr\/","name":"Relais de l'Estuaire","description":"H\u00f4tel - Restaurant - Bar - R\u00e9ceptions","publisher":{"@id":"https:\/\/www.hotel-de-lestuaire.fr\/#organization"},"potentialAction":[{"@type":"SearchAction","target":{"@type":"EntryPoint","urlTemplate":"https:\/\/www.hotel-de-lestuaire.fr\/?s={search_term_string}"},"query-input":"required name=search_term_string"}],"inLanguage":"en-GB"},{"@type":"Organization","@id":"https:\/\/www.hotel-de-lestuaire.fr\/#organization","name":"Relais de l'estuaire","url":"https:\/\/www.hotel-de-lestuaire.fr\/","logo":{"@type":"ImageObject","inLanguage":"en-GB","@id":"https:\/\/www.hotel-de-lestuaire.fr\/#\/schema\/logo\/image\/","url":"https:\/\/www.hotel-de-lestuaire.fr\/wp-content\/uploads\/2021\/02\/Logo-relais-estuaire-180x59-1.png","contentUrl":"https:\/\/www.hotel-de-lestuaire.fr\/wp-content\/uploads\/2021\/02\/Logo-relais-estuaire-180x59-1.png","width":180,"height":59,"caption":"Relais de l'estuaire"},"image":{"@id":"https:\/\/www.hotel-de-lestuaire.fr\/#\/schema\/logo\/image\/"},"sameAs":["https:\/\/www.facebook.com\/relaisdelestuaire"]}]}},"_links":{"self":[{"href":"https:\/\/www.hotel-de-lestuaire.fr\/en\/wp-json\/wp\/v2\/pages\/1594","targetHints":{"allow":["GET"]}}],"collection":[{"href":"https:\/\/www.hotel-de-lestuaire.fr\/en\/wp-json\/wp\/v2\/pages"}],"about":[{"href":"https:\/\/www.hotel-de-lestuaire.fr\/en\/wp-json\/wp\/v2\/types\/page"}],"author":[{"embeddable":true,"href":"https:\/\/www.hotel-de-lestuaire.fr\/en\/wp-json\/wp\/v2\/users\/1"}],"replies":[{"embeddable":true,"href":"https:\/\/www.hotel-de-lestuaire.fr\/en\/wp-json\/wp\/v2\/comments?post=1594"}],"version-history":[{"count":104,"href":"https:\/\/www.hotel-de-lestuaire.fr\/en\/wp-json\/wp\/v2\/pages\/1594\/revisions"}],"predecessor-version":[{"id":2835,"href":"https:\/\/www.hotel-de-lestuaire.fr\/en\/wp-json\/wp\/v2\/pages\/1594\/revisions\/2835"}],"wp:featuredmedia":[{"embeddable":true,"href":"https:\/\/www.hotel-de-lestuaire.fr\/en\/wp-json\/wp\/v2\/media\/2104"}],"wp:attachment":[{"href":"https:\/\/www.hotel-de-lestuaire.fr\/en\/wp-json\/wp\/v2\/media?parent=1594"}],"curies":[{"name":"wp","href":"https:\/\/api.w.org\/{rel}","templated":true}]}}