{"id":1680,"date":"2020-12-12T23:40:51","date_gmt":"2020-12-12T22:40:51","guid":{"rendered":"http:\/\/www.hotel-de-lestuaire.fr\/?page_id=1680"},"modified":"2026-04-30T10:28:17","modified_gmt":"2026-04-30T08:28:17","slug":"menu-restaurant","status":"publish","type":"page","link":"https:\/\/www.hotel-de-lestuaire.fr\/en\/menu-restaurant\/","title":{"rendered":"La carte du restaurant de l&rsquo;estuaire"},"content":{"rendered":"<div data-elementor-type=\"wp-page\" data-elementor-id=\"1680\" class=\"elementor elementor-1680\">\n\t\t\t\t\t\t<section class=\"elementor-section elementor-top-section elementor-element elementor-element-0256514 elementor-section-boxed elementor-section-height-default elementor-section-height-default\" data-id=\"0256514\" data-element_type=\"section\" data-e-type=\"section\">\n\t\t\t\t\t\t<div class=\"elementor-container elementor-column-gap-default\">\n\t\t\t\t\t<div class=\"elementor-column elementor-col-100 elementor-top-column elementor-element elementor-element-974717c\" data-id=\"974717c\" data-element_type=\"column\" data-e-type=\"column\">\n\t\t\t<div class=\"elementor-widget-wrap elementor-element-populated\">\n\t\t\t\t\t\t<div class=\"elementor-element elementor-element-2544709 elementor-widget elementor-widget-heading\" data-id=\"2544709\" data-element_type=\"widget\" data-e-type=\"widget\" data-widget_type=\"heading.default\">\n\t\t\t\t<div class=\"elementor-widget-container\">\n\t\t\t\t\t<h3 class=\"elementor-heading-title elementor-size-xl\">Relais de l'Estuaire Restaurant<\/h3>\t\t\t\t<\/div>\n\t\t\t\t<\/div>\n\t\t\t\t\t<\/div>\n\t\t<\/div>\n\t\t\t\t\t<\/div>\n\t\t<\/section>\n\t\t\t\t<section class=\"elementor-section elementor-top-section elementor-element elementor-element-22d4868 elementor-section-boxed elementor-section-height-default elementor-section-height-default\" data-id=\"22d4868\" data-element_type=\"section\" data-e-type=\"section\">\n\t\t\t\t\t\t<div class=\"elementor-container elementor-column-gap-default\">\n\t\t\t\t\t<div class=\"elementor-column elementor-col-100 elementor-top-column elementor-element elementor-element-959f8f7\" data-id=\"959f8f7\" data-element_type=\"column\" data-e-type=\"column\">\n\t\t\t<div class=\"elementor-widget-wrap elementor-element-populated\">\n\t\t\t\t\t\t<div class=\"elementor-element elementor-element-2a0b5d6 elementor-widget elementor-widget-text-editor\" data-id=\"2a0b5d6\" data-element_type=\"widget\" data-e-type=\"widget\" data-widget_type=\"text-editor.default\">\n\t\t\t\t<div class=\"elementor-widget-container\">\n\t\t\t\t\t\t\t\t\t<p>Come and discover our restaurant near Blaye, few minutes away from the Citadel. You will taste our fresh and home made cuisine ! You will also be able to enjoy our terrace in front of the lac (opened only during summer seasons).<\/p>\t\t\t\t\t\t\t\t<\/div>\n\t\t\t\t<\/div>\n\t\t\t\t\t<\/div>\n\t\t<\/div>\n\t\t\t\t\t<\/div>\n\t\t<\/section>\n\t\t\t\t<section class=\"elementor-section elementor-top-section elementor-element elementor-element-8d5fd13 elementor-section-boxed elementor-section-height-default elementor-section-height-default\" data-id=\"8d5fd13\" data-element_type=\"section\" data-e-type=\"section\">\n\t\t\t\t\t\t<div class=\"elementor-container elementor-column-gap-default\">\n\t\t\t\t\t<div class=\"elementor-column elementor-col-100 elementor-top-column elementor-element elementor-element-602f730\" data-id=\"602f730\" data-element_type=\"column\" data-e-type=\"column\">\n\t\t\t<div class=\"elementor-widget-wrap elementor-element-populated\">\n\t\t\t\t\t\t<div class=\"elementor-element elementor-element-c7db204 elementor-widget elementor-widget-text-editor\" data-id=\"c7db204\" data-element_type=\"widget\" data-e-type=\"widget\" data-widget_type=\"text-editor.default\">\n\t\t\t\t<div class=\"elementor-widget-container\">\n\t\t\t\t\t\t\t\t\t<p><strong>Day Menu (from Monday diner to Friday lunch)<\/strong><\/p><p>Entr\u00e9e du jour &#8211; Plat du jour &#8211; Dessert du jour : 18 \u20ac<\/p><p>Starter and Main Course\u00a0<strong>OR\u00a0<\/strong>Plat-Dessert : 15 \u20ac<\/p>\t\t\t\t\t\t\t\t<\/div>\n\t\t\t\t<\/div>\n\t\t\t\t\t<\/div>\n\t\t<\/div>\n\t\t\t\t\t<\/div>\n\t\t<\/section>\n\t\t\t\t<section class=\"elementor-section elementor-top-section elementor-element elementor-element-cd3287f elementor-section-boxed elementor-section-height-default elementor-section-height-default\" data-id=\"cd3287f\" data-element_type=\"section\" data-e-type=\"section\">\n\t\t\t\t\t\t<div class=\"elementor-container elementor-column-gap-default\">\n\t\t\t\t\t<div class=\"elementor-column elementor-col-100 elementor-top-column elementor-element elementor-element-10eec45\" data-id=\"10eec45\" data-element_type=\"column\" data-e-type=\"column\">\n\t\t\t<div class=\"elementor-widget-wrap elementor-element-populated\">\n\t\t\t\t\t\t<div class=\"elementor-element elementor-element-55716a8 elementor-widget elementor-widget-spacer\" data-id=\"55716a8\" data-element_type=\"widget\" data-e-type=\"widget\" data-widget_type=\"spacer.default\">\n\t\t\t\t<div class=\"elementor-widget-container\">\n\t\t\t\t\t\t\t<div class=\"elementor-spacer\">\n\t\t\t<div class=\"elementor-spacer-inner\"><\/div>\n\t\t<\/div>\n\t\t\t\t\t\t<\/div>\n\t\t\t\t<\/div>\n\t\t\t\t\t<\/div>\n\t\t<\/div>\n\t\t\t\t\t<\/div>\n\t\t<\/section>\n\t\t\t\t<section class=\"elementor-section elementor-top-section elementor-element elementor-element-85642d4 elementor-section-boxed elementor-section-height-default elementor-section-height-default\" data-id=\"85642d4\" data-element_type=\"section\" data-e-type=\"section\">\n\t\t\t\t\t\t<div class=\"elementor-container elementor-column-gap-default\">\n\t\t\t\t\t<div class=\"elementor-column elementor-col-100 elementor-top-column elementor-element elementor-element-4d51059\" data-id=\"4d51059\" data-element_type=\"column\" data-e-type=\"column\">\n\t\t\t<div class=\"elementor-widget-wrap elementor-element-populated\">\n\t\t\t\t\t\t<div class=\"elementor-element elementor-element-04f9f3d elementor-widget elementor-widget-heading\" data-id=\"04f9f3d\" data-element_type=\"widget\" data-e-type=\"widget\" data-widget_type=\"heading.default\">\n\t\t\t\t<div class=\"elementor-widget-container\">\n\t\t\t\t\t<h3 class=\"elementor-heading-title elementor-size-xl\">Notre carte de saison estivale<\/h3>\t\t\t\t<\/div>\n\t\t\t\t<\/div>\n\t\t\t\t\t<\/div>\n\t\t<\/div>\n\t\t\t\t\t<\/div>\n\t\t<\/section>\n\t\t\t\t<section class=\"elementor-section elementor-top-section elementor-element elementor-element-edf4a4e elementor-section-boxed elementor-section-height-default elementor-section-height-default\" data-id=\"edf4a4e\" data-element_type=\"section\" data-e-type=\"section\">\n\t\t\t\t\t\t<div class=\"elementor-container elementor-column-gap-default\">\n\t\t\t\t\t<div class=\"elementor-column elementor-col-50 elementor-top-column elementor-element elementor-element-2ed36f8\" data-id=\"2ed36f8\" data-element_type=\"column\" data-e-type=\"column\">\n\t\t\t<div class=\"elementor-widget-wrap elementor-element-populated\">\n\t\t\t\t\t\t<div class=\"elementor-element elementor-element-f9651dc elementor-widget elementor-widget-image\" data-id=\"f9651dc\" data-element_type=\"widget\" data-e-type=\"widget\" data-widget_type=\"image.default\">\n\t\t\t\t<div class=\"elementor-widget-container\">\n\t\t\t\t\t\t\t\t\t\t\t\t\t\t\t<img fetchpriority=\"high\" decoding=\"async\" width=\"688\" height=\"976\" src=\"https:\/\/www.hotel-de-lestuaire.fr\/wp-content\/uploads\/2026\/04\/Menu-Estuaire-FR.png\" class=\"attachment-large size-large wp-image-2906\" alt=\"\" srcset=\"https:\/\/www.hotel-de-lestuaire.fr\/wp-content\/uploads\/2026\/04\/Menu-Estuaire-FR.png 688w, https:\/\/www.hotel-de-lestuaire.fr\/wp-content\/uploads\/2026\/04\/Menu-Estuaire-FR-211x300.png 211w, https:\/\/www.hotel-de-lestuaire.fr\/wp-content\/uploads\/2026\/04\/Menu-Estuaire-FR-8x12.png 8w\" sizes=\"(max-width: 688px) 100vw, 688px\" \/>\t\t\t\t\t\t\t\t\t\t\t\t\t\t\t<\/div>\n\t\t\t\t<\/div>\n\t\t\t\t\t<\/div>\n\t\t<\/div>\n\t\t\t\t<div class=\"elementor-column elementor-col-50 elementor-top-column elementor-element elementor-element-36509ab\" data-id=\"36509ab\" data-element_type=\"column\" data-e-type=\"column\">\n\t\t\t<div class=\"elementor-widget-wrap elementor-element-populated\">\n\t\t\t\t\t\t<div class=\"elementor-element elementor-element-e3a41ad elementor-widget elementor-widget-image\" data-id=\"e3a41ad\" data-element_type=\"widget\" data-e-type=\"widget\" data-widget_type=\"image.default\">\n\t\t\t\t<div class=\"elementor-widget-container\">\n\t\t\t\t\t\t\t\t\t\t\t\t\t\t\t<img decoding=\"async\" width=\"724\" height=\"1024\" src=\"https:\/\/www.hotel-de-lestuaire.fr\/wp-content\/uploads\/2026\/04\/CarteRestaurant2026-724x1024.jpg\" class=\"attachment-large size-large wp-image-2911\" alt=\"\" srcset=\"https:\/\/www.hotel-de-lestuaire.fr\/wp-content\/uploads\/2026\/04\/CarteRestaurant2026-724x1024.jpg 724w, https:\/\/www.hotel-de-lestuaire.fr\/wp-content\/uploads\/2026\/04\/CarteRestaurant2026-212x300.jpg 212w, https:\/\/www.hotel-de-lestuaire.fr\/wp-content\/uploads\/2026\/04\/CarteRestaurant2026-768x1086.jpg 768w, https:\/\/www.hotel-de-lestuaire.fr\/wp-content\/uploads\/2026\/04\/CarteRestaurant2026-1086x1536.jpg 1086w, https:\/\/www.hotel-de-lestuaire.fr\/wp-content\/uploads\/2026\/04\/CarteRestaurant2026-8x12.jpg 8w, https:\/\/www.hotel-de-lestuaire.fr\/wp-content\/uploads\/2026\/04\/CarteRestaurant2026.jpg 1414w\" sizes=\"(max-width: 724px) 100vw, 724px\" \/>\t\t\t\t\t\t\t\t\t\t\t\t\t\t\t<\/div>\n\t\t\t\t<\/div>\n\t\t\t\t\t<\/div>\n\t\t<\/div>\n\t\t\t\t\t<\/div>\n\t\t<\/section>\n\t\t\t\t<section class=\"elementor-section elementor-top-section elementor-element elementor-element-7c4be2f elementor-section-boxed elementor-section-height-default elementor-section-height-default\" data-id=\"7c4be2f\" data-element_type=\"section\" data-e-type=\"section\">\n\t\t\t\t\t\t<div class=\"elementor-container elementor-column-gap-default\">\n\t\t\t\t\t<div class=\"elementor-column elementor-col-100 elementor-top-column elementor-element elementor-element-6cf9a6d\" data-id=\"6cf9a6d\" data-element_type=\"column\" data-e-type=\"column\">\n\t\t\t<div class=\"elementor-widget-wrap elementor-element-populated\">\n\t\t\t\t\t\t<div class=\"elementor-element elementor-element-00af3cf elementor-widget__width-initial elementor-widget elementor-widget-image\" data-id=\"00af3cf\" data-element_type=\"widget\" data-e-type=\"widget\" data-widget_type=\"image.default\">\n\t\t\t\t<div class=\"elementor-widget-container\">\n\t\t\t\t\t\t\t\t\t\t\t\t\t\t\t<img decoding=\"async\" width=\"720\" height=\"1024\" src=\"https:\/\/www.hotel-de-lestuaire.fr\/wp-content\/uploads\/2026\/04\/Menu-Plaisir-FR-720x1024.png\" class=\"attachment-large size-large wp-image-2904\" alt=\"\" srcset=\"https:\/\/www.hotel-de-lestuaire.fr\/wp-content\/uploads\/2026\/04\/Menu-Plaisir-FR-720x1024.png 720w, https:\/\/www.hotel-de-lestuaire.fr\/wp-content\/uploads\/2026\/04\/Menu-Plaisir-FR-211x300.png 211w, https:\/\/www.hotel-de-lestuaire.fr\/wp-content\/uploads\/2026\/04\/Menu-Plaisir-FR-8x12.png 8w, https:\/\/www.hotel-de-lestuaire.fr\/wp-content\/uploads\/2026\/04\/Menu-Plaisir-FR.png 740w\" sizes=\"(max-width: 720px) 100vw, 720px\" \/>\t\t\t\t\t\t\t\t\t\t\t\t\t\t\t<\/div>\n\t\t\t\t<\/div>\n\t\t\t\t\t<\/div>\n\t\t<\/div>\n\t\t\t\t\t<\/div>\n\t\t<\/section>\n\t\t\t\t<section class=\"elementor-section elementor-top-section elementor-element elementor-element-1cd98be elementor-section-boxed elementor-section-height-default elementor-section-height-default\" data-id=\"1cd98be\" data-element_type=\"section\" data-e-type=\"section\">\n\t\t\t\t\t\t<div class=\"elementor-container elementor-column-gap-default\">\n\t\t\t\t\t<div class=\"elementor-column elementor-col-50 elementor-top-column elementor-element elementor-element-3242ef2\" data-id=\"3242ef2\" data-element_type=\"column\" data-e-type=\"column\">\n\t\t\t<div class=\"elementor-widget-wrap elementor-element-populated\">\n\t\t\t\t\t\t<div class=\"elementor-element elementor-element-c1c3abd elementor-widget elementor-widget-image\" data-id=\"c1c3abd\" data-element_type=\"widget\" data-e-type=\"widget\" data-widget_type=\"image.default\">\n\t\t\t\t<div class=\"elementor-widget-container\">\n\t\t\t\t\t\t\t\t\t\t\t\t\t\t\t<img loading=\"lazy\" decoding=\"async\" width=\"724\" height=\"1024\" src=\"https:\/\/www.hotel-de-lestuaire.fr\/wp-content\/uploads\/2025\/07\/CARTEDesVins-2-724x1024.png\" class=\"attachment-large size-large wp-image-2665\" alt=\"\" srcset=\"https:\/\/www.hotel-de-lestuaire.fr\/wp-content\/uploads\/2025\/07\/CARTEDesVins-2-724x1024.png 724w, https:\/\/www.hotel-de-lestuaire.fr\/wp-content\/uploads\/2025\/07\/CARTEDesVins-2-212x300.png 212w, https:\/\/www.hotel-de-lestuaire.fr\/wp-content\/uploads\/2025\/07\/CARTEDesVins-2-768x1086.png 768w, https:\/\/www.hotel-de-lestuaire.fr\/wp-content\/uploads\/2025\/07\/CARTEDesVins-2-1086x1536.png 1086w, https:\/\/www.hotel-de-lestuaire.fr\/wp-content\/uploads\/2025\/07\/CARTEDesVins-2-8x12.png 8w, https:\/\/www.hotel-de-lestuaire.fr\/wp-content\/uploads\/2025\/07\/CARTEDesVins-2.png 1414w\" sizes=\"(max-width: 724px) 100vw, 724px\" \/>\t\t\t\t\t\t\t\t\t\t\t\t\t\t\t<\/div>\n\t\t\t\t<\/div>\n\t\t\t\t\t<\/div>\n\t\t<\/div>\n\t\t\t\t<div class=\"elementor-column elementor-col-50 elementor-top-column elementor-element elementor-element-61acc12\" data-id=\"61acc12\" data-element_type=\"column\" data-e-type=\"column\">\n\t\t\t<div class=\"elementor-widget-wrap elementor-element-populated\">\n\t\t\t\t\t\t<div class=\"elementor-element elementor-element-42acf3c elementor-widget elementor-widget-image\" data-id=\"42acf3c\" data-element_type=\"widget\" data-e-type=\"widget\" data-widget_type=\"image.default\">\n\t\t\t\t<div class=\"elementor-widget-container\">\n\t\t\t\t\t\t\t\t\t\t\t\t\t\t\t<img loading=\"lazy\" decoding=\"async\" width=\"724\" height=\"1024\" src=\"https:\/\/www.hotel-de-lestuaire.fr\/wp-content\/uploads\/2025\/07\/CARTE-BOISSONS-2-724x1024.png\" class=\"attachment-large size-large wp-image-2662\" alt=\"\" srcset=\"https:\/\/www.hotel-de-lestuaire.fr\/wp-content\/uploads\/2025\/07\/CARTE-BOISSONS-2-724x1024.png 724w, https:\/\/www.hotel-de-lestuaire.fr\/wp-content\/uploads\/2025\/07\/CARTE-BOISSONS-2-212x300.png 212w, https:\/\/www.hotel-de-lestuaire.fr\/wp-content\/uploads\/2025\/07\/CARTE-BOISSONS-2-768x1086.png 768w, https:\/\/www.hotel-de-lestuaire.fr\/wp-content\/uploads\/2025\/07\/CARTE-BOISSONS-2-1086x1536.png 1086w, https:\/\/www.hotel-de-lestuaire.fr\/wp-content\/uploads\/2025\/07\/CARTE-BOISSONS-2-8x12.png 8w, https:\/\/www.hotel-de-lestuaire.fr\/wp-content\/uploads\/2025\/07\/CARTE-BOISSONS-2.png 1414w\" sizes=\"(max-width: 724px) 100vw, 724px\" \/>\t\t\t\t\t\t\t\t\t\t\t\t\t\t\t<\/div>\n\t\t\t\t<\/div>\n\t\t\t\t\t<\/div>\n\t\t<\/div>\n\t\t\t\t\t<\/div>\n\t\t<\/section>\n\t\t\t\t<\/div>","protected":false},"excerpt":{"rendered":"<p>Restaurant du Relais de l&rsquo;Estuaire Venez d\u00e9couvrir notre restaurant proche de Blaye, \u00e0 quelques minutes de la citadelle, et venez d\u00e9guster notre cuisine locale ! Vous profiterez \u00e9galement de notre terrasse au bord du lac (ouverte uniquement pendant la p\u00e9riode estivale). Menu du jour (du lundi soir au vendredi midi) Entr\u00e9e du jour &#8211; Plat du jour &#8211; Dessert du&#8230;<\/p>","protected":false},"author":1,"featured_media":2093,"parent":0,"menu_order":0,"comment_status":"closed","ping_status":"closed","template":"","meta":{"footnotes":""},"class_list":["post-1680","page","type-page","status-publish","has-post-thumbnail","hentry"],"yoast_head":"<!-- This site is optimized with the Yoast SEO plugin v19.10 - https:\/\/yoast.com\/wordpress\/plugins\/seo\/ -->\n<title>Restaurant Relais de l&#039;Estuaire - La carte du restaurant de l&#039;estuaire<\/title>\n<meta name=\"description\" content=\"D\u00e9couvrez notre restaurant proche de Blaye. Ouvert du lundi au dimanche soir et du mardi au dimanche midi. Agr\u00e9able terrasse au bord de l&#039;eau\" \/>\n<meta name=\"robots\" content=\"index, follow, max-snippet:-1, max-image-preview:large, max-video-preview:-1\" \/>\n<link rel=\"canonical\" href=\"https:\/\/www.hotel-de-lestuaire.fr\/en\/menu-restaurant\/\" \/>\n<meta property=\"og:locale\" content=\"en_GB\" \/>\n<meta property=\"og:type\" content=\"article\" \/>\n<meta property=\"og:title\" content=\"Restaurant Relais de l&#039;Estuaire - La carte du restaurant de l&#039;estuaire\" \/>\n<meta property=\"og:description\" content=\"D\u00e9couvrez notre restaurant proche de Blaye. Ouvert du lundi au dimanche soir et du mardi au dimanche midi. Agr\u00e9able terrasse au bord de l&#039;eau\" \/>\n<meta property=\"og:url\" content=\"https:\/\/www.hotel-de-lestuaire.fr\/en\/menu-restaurant\/\" \/>\n<meta property=\"og:site_name\" content=\"Relais de l&#039;Estuaire\" \/>\n<meta property=\"article:publisher\" content=\"https:\/\/www.facebook.com\/relaisdelestuaire\" \/>\n<meta property=\"article:modified_time\" content=\"2026-04-30T08:28:17+00:00\" \/>\n<meta property=\"og:image\" content=\"https:\/\/www.hotel-de-lestuaire.fr\/wp-content\/uploads\/2021\/11\/FILETBAR-scaled.jpg\" \/>\n\t<meta property=\"og:image:width\" content=\"2560\" \/>\n\t<meta property=\"og:image:height\" content=\"2072\" \/>\n\t<meta property=\"og:image:type\" content=\"image\/jpeg\" \/>\n<meta name=\"twitter:card\" content=\"summary_large_image\" \/>\n<meta name=\"twitter:label1\" content=\"Estimated reading time\" \/>\n\t<meta name=\"twitter:data1\" content=\"2 minutes\" \/>\n<script type=\"application\/ld+json\" class=\"yoast-schema-graph\">{\"@context\":\"https:\/\/schema.org\",\"@graph\":[{\"@type\":\"WebPage\",\"@id\":\"https:\/\/www.hotel-de-lestuaire.fr\/menu-restaurant\/\",\"url\":\"https:\/\/www.hotel-de-lestuaire.fr\/menu-restaurant\/\",\"name\":\"Restaurant Relais de l'Estuaire - La carte du restaurant de l'estuaire\",\"isPartOf\":{\"@id\":\"https:\/\/www.hotel-de-lestuaire.fr\/#website\"},\"datePublished\":\"2020-12-12T22:40:51+00:00\",\"dateModified\":\"2026-04-30T08:28:17+00:00\",\"description\":\"D\u00e9couvrez notre restaurant proche de Blaye. Ouvert du lundi au dimanche soir et du mardi au dimanche midi. Agr\u00e9able terrasse au bord de l'eau\",\"breadcrumb\":{\"@id\":\"https:\/\/www.hotel-de-lestuaire.fr\/menu-restaurant\/#breadcrumb\"},\"inLanguage\":\"en-GB\",\"potentialAction\":[{\"@type\":\"ReadAction\",\"target\":[\"https:\/\/www.hotel-de-lestuaire.fr\/menu-restaurant\/\"]}]},{\"@type\":\"BreadcrumbList\",\"@id\":\"https:\/\/www.hotel-de-lestuaire.fr\/menu-restaurant\/#breadcrumb\",\"itemListElement\":[{\"@type\":\"ListItem\",\"position\":1,\"name\":\"Accueil\",\"item\":\"https:\/\/www.hotel-de-lestuaire.fr\/\"},{\"@type\":\"ListItem\",\"position\":2,\"name\":\"La carte du restaurant de l&rsquo;estuaire\"}]},{\"@type\":\"WebSite\",\"@id\":\"https:\/\/www.hotel-de-lestuaire.fr\/#website\",\"url\":\"https:\/\/www.hotel-de-lestuaire.fr\/\",\"name\":\"Relais de l'Estuaire\",\"description\":\"H\u00f4tel - Restaurant - Bar - R\u00e9ceptions\",\"publisher\":{\"@id\":\"https:\/\/www.hotel-de-lestuaire.fr\/#organization\"},\"potentialAction\":[{\"@type\":\"SearchAction\",\"target\":{\"@type\":\"EntryPoint\",\"urlTemplate\":\"https:\/\/www.hotel-de-lestuaire.fr\/?s={search_term_string}\"},\"query-input\":\"required name=search_term_string\"}],\"inLanguage\":\"en-GB\"},{\"@type\":\"Organization\",\"@id\":\"https:\/\/www.hotel-de-lestuaire.fr\/#organization\",\"name\":\"Relais de l'estuaire\",\"url\":\"https:\/\/www.hotel-de-lestuaire.fr\/\",\"logo\":{\"@type\":\"ImageObject\",\"inLanguage\":\"en-GB\",\"@id\":\"https:\/\/www.hotel-de-lestuaire.fr\/#\/schema\/logo\/image\/\",\"url\":\"https:\/\/www.hotel-de-lestuaire.fr\/wp-content\/uploads\/2021\/02\/Logo-relais-estuaire-180x59-1.png\",\"contentUrl\":\"https:\/\/www.hotel-de-lestuaire.fr\/wp-content\/uploads\/2021\/02\/Logo-relais-estuaire-180x59-1.png\",\"width\":180,\"height\":59,\"caption\":\"Relais de l'estuaire\"},\"image\":{\"@id\":\"https:\/\/www.hotel-de-lestuaire.fr\/#\/schema\/logo\/image\/\"},\"sameAs\":[\"https:\/\/www.facebook.com\/relaisdelestuaire\"]}]}<\/script>\n<!-- \/ Yoast SEO plugin. -->","yoast_head_json":{"title":"Restaurant Relais de l'Estuaire - La carte du restaurant de l'estuaire","description":"D\u00e9couvrez notre restaurant proche de Blaye. Ouvert du lundi au dimanche soir et du mardi au dimanche midi. Agr\u00e9able terrasse au bord de l'eau","robots":{"index":"index","follow":"follow","max-snippet":"max-snippet:-1","max-image-preview":"max-image-preview:large","max-video-preview":"max-video-preview:-1"},"canonical":"https:\/\/www.hotel-de-lestuaire.fr\/en\/menu-restaurant\/","og_locale":"en_GB","og_type":"article","og_title":"Restaurant Relais de l'Estuaire - La carte du restaurant de l'estuaire","og_description":"D\u00e9couvrez notre restaurant proche de Blaye. Ouvert du lundi au dimanche soir et du mardi au dimanche midi. Agr\u00e9able terrasse au bord de l'eau","og_url":"https:\/\/www.hotel-de-lestuaire.fr\/en\/menu-restaurant\/","og_site_name":"Relais de l&#039;Estuaire","article_publisher":"https:\/\/www.facebook.com\/relaisdelestuaire","article_modified_time":"2026-04-30T08:28:17+00:00","og_image":[{"width":2560,"height":2072,"url":"https:\/\/www.hotel-de-lestuaire.fr\/wp-content\/uploads\/2021\/11\/FILETBAR-scaled.jpg","type":"image\/jpeg"}],"twitter_card":"summary_large_image","twitter_misc":{"Estimated reading time":"2 minutes"},"schema":{"@context":"https:\/\/schema.org","@graph":[{"@type":"WebPage","@id":"https:\/\/www.hotel-de-lestuaire.fr\/menu-restaurant\/","url":"https:\/\/www.hotel-de-lestuaire.fr\/menu-restaurant\/","name":"Restaurant Relais de l'Estuaire - La carte du restaurant de l'estuaire","isPartOf":{"@id":"https:\/\/www.hotel-de-lestuaire.fr\/#website"},"datePublished":"2020-12-12T22:40:51+00:00","dateModified":"2026-04-30T08:28:17+00:00","description":"D\u00e9couvrez notre restaurant proche de Blaye. Ouvert du lundi au dimanche soir et du mardi au dimanche midi. Agr\u00e9able terrasse au bord de l'eau","breadcrumb":{"@id":"https:\/\/www.hotel-de-lestuaire.fr\/menu-restaurant\/#breadcrumb"},"inLanguage":"en-GB","potentialAction":[{"@type":"ReadAction","target":["https:\/\/www.hotel-de-lestuaire.fr\/menu-restaurant\/"]}]},{"@type":"BreadcrumbList","@id":"https:\/\/www.hotel-de-lestuaire.fr\/menu-restaurant\/#breadcrumb","itemListElement":[{"@type":"ListItem","position":1,"name":"Accueil","item":"https:\/\/www.hotel-de-lestuaire.fr\/"},{"@type":"ListItem","position":2,"name":"La carte du restaurant de l&rsquo;estuaire"}]},{"@type":"WebSite","@id":"https:\/\/www.hotel-de-lestuaire.fr\/#website","url":"https:\/\/www.hotel-de-lestuaire.fr\/","name":"Relais de l'Estuaire","description":"H\u00f4tel - Restaurant - Bar - R\u00e9ceptions","publisher":{"@id":"https:\/\/www.hotel-de-lestuaire.fr\/#organization"},"potentialAction":[{"@type":"SearchAction","target":{"@type":"EntryPoint","urlTemplate":"https:\/\/www.hotel-de-lestuaire.fr\/?s={search_term_string}"},"query-input":"required name=search_term_string"}],"inLanguage":"en-GB"},{"@type":"Organization","@id":"https:\/\/www.hotel-de-lestuaire.fr\/#organization","name":"Relais de l'estuaire","url":"https:\/\/www.hotel-de-lestuaire.fr\/","logo":{"@type":"ImageObject","inLanguage":"en-GB","@id":"https:\/\/www.hotel-de-lestuaire.fr\/#\/schema\/logo\/image\/","url":"https:\/\/www.hotel-de-lestuaire.fr\/wp-content\/uploads\/2021\/02\/Logo-relais-estuaire-180x59-1.png","contentUrl":"https:\/\/www.hotel-de-lestuaire.fr\/wp-content\/uploads\/2021\/02\/Logo-relais-estuaire-180x59-1.png","width":180,"height":59,"caption":"Relais de l'estuaire"},"image":{"@id":"https:\/\/www.hotel-de-lestuaire.fr\/#\/schema\/logo\/image\/"},"sameAs":["https:\/\/www.facebook.com\/relaisdelestuaire"]}]}},"_links":{"self":[{"href":"https:\/\/www.hotel-de-lestuaire.fr\/en\/wp-json\/wp\/v2\/pages\/1680","targetHints":{"allow":["GET"]}}],"collection":[{"href":"https:\/\/www.hotel-de-lestuaire.fr\/en\/wp-json\/wp\/v2\/pages"}],"about":[{"href":"https:\/\/www.hotel-de-lestuaire.fr\/en\/wp-json\/wp\/v2\/types\/page"}],"author":[{"embeddable":true,"href":"https:\/\/www.hotel-de-lestuaire.fr\/en\/wp-json\/wp\/v2\/users\/1"}],"replies":[{"embeddable":true,"href":"https:\/\/www.hotel-de-lestuaire.fr\/en\/wp-json\/wp\/v2\/comments?post=1680"}],"version-history":[{"count":154,"href":"https:\/\/www.hotel-de-lestuaire.fr\/en\/wp-json\/wp\/v2\/pages\/1680\/revisions"}],"predecessor-version":[{"id":2914,"href":"https:\/\/www.hotel-de-lestuaire.fr\/en\/wp-json\/wp\/v2\/pages\/1680\/revisions\/2914"}],"wp:featuredmedia":[{"embeddable":true,"href":"https:\/\/www.hotel-de-lestuaire.fr\/en\/wp-json\/wp\/v2\/media\/2093"}],"wp:attachment":[{"href":"https:\/\/www.hotel-de-lestuaire.fr\/en\/wp-json\/wp\/v2\/media?parent=1680"}],"curies":[{"name":"wp","href":"https:\/\/api.w.org\/{rel}","templated":true}]}}